{"id":18,"date":"2023-03-28T15:14:10","date_gmt":"2023-03-28T15:14:10","guid":{"rendered":"https:\/\/jojomi.es\/index.php\/about\/"},"modified":"2024-09-23T19:47:57","modified_gmt":"2024-09-23T17:47:57","slug":"about","status":"publish","type":"page","link":"https:\/\/jojomi.es\/index.php\/about\/","title":{"rendered":"Aviso legal"},"content":{"rendered":"\t\t<div data-elementor-type=\"wp-page\" data-elementor-id=\"18\" class=\"elementor elementor-18\">\n\t\t\t\t\t\t<section class=\"elementor-section elementor-top-section elementor-element elementor-element-81bc9ba elementor-section-boxed elementor-section-height-default elementor-section-height-default\" data-id=\"81bc9ba\" data-element_type=\"section\" data-e-type=\"section\">\n\t\t\t\t\t\t<div class=\"elementor-container elementor-column-gap-default\">\n\t\t\t\t\t<div class=\"elementor-column elementor-col-100 elementor-top-column elementor-element elementor-element-9ad4de8\" data-id=\"9ad4de8\" data-element_type=\"column\" data-e-type=\"column\">\n\t\t\t<div class=\"elementor-widget-wrap elementor-element-populated\">\n\t\t\t\t\t\t<div class=\"elementor-element elementor-element-9af50d2 elementor-widget elementor-widget-heading\" data-id=\"9af50d2\" data-element_type=\"widget\" data-e-type=\"widget\" data-widget_type=\"heading.default\">\n\t\t\t\t<div class=\"elementor-widget-container\">\n\t\t\t\t\t<h3 class=\"elementor-heading-title elementor-size-default\">Aviso legal<\/h3>\t\t\t\t<\/div>\n\t\t\t\t<\/div>\n\t\t\t\t\t<\/div>\n\t\t<\/div>\n\t\t\t\t\t<\/div>\n\t\t<\/section>\n\t\t\t\t<section class=\"elementor-section elementor-top-section elementor-element elementor-element-8b3c4c5 elementor-section-boxed elementor-section-height-default elementor-section-height-default\" data-id=\"8b3c4c5\" data-element_type=\"section\" data-e-type=\"section\">\n\t\t\t\t\t\t<div class=\"elementor-container elementor-column-gap-default\">\n\t\t\t\t\t<div class=\"elementor-column elementor-col-100 elementor-top-column elementor-element elementor-element-89efd3a\" data-id=\"89efd3a\" data-element_type=\"column\" data-e-type=\"column\">\n\t\t\t<div class=\"elementor-widget-wrap elementor-element-populated\">\n\t\t\t\t\t\t<div class=\"elementor-element elementor-element-fc362f9 elementor-widget elementor-widget-text-editor\" data-id=\"fc362f9\" data-element_type=\"widget\" data-e-type=\"widget\" data-widget_type=\"text-editor.default\">\n\t\t\t\t<div class=\"elementor-widget-container\">\n\t\t\t\t\t\t\t\t\t<p>De acuerdo con el art\u00edculo 10 de la Ley 34\/2002, de 11 de julio, de Servicios de la Sociedad de la Informaci\u00f3n y de Comercio Electr\u00f3nico ponemos a su disposici\u00f3n los siguientes datos generales del&nbsp;<strong>aviso legal<\/strong>:<\/p>\n<p><b>JOJO Mi Distribuciones S.L.<\/b>&nbsp;es una empresa espa\u00f1ola, y est\u00e1 domiciliada en la calle San Ferran 231, C\u00f3digo Postal 08205 de Sabadell&nbsp; (Barcelona),&nbsp; con CIF <b>B05431945<\/b>. Inscrita en el Registro Mercantil de Barcelona, Tomo 47827, Folio 187, Hoja Registral 563463, Inscripci\u00f3n 1, y tiene su sede central en el domicilio fiscal en C\u00f3digo Postal 08205 de Sabadell, Barcelona.<\/p>\n<p>El objetivo social principal de <b>JOJO Mi Distribuciones SL<\/b>, es la<b>&nbsp;gesti\u00f3n de establecimientos Xiaomi <\/b>destinados a la venta de productos electr\u00f3nicos y accesorios&nbsp;de dicha marca, as\u00ed como los servicios complementarios asociados a los productos.&nbsp;<\/p>\t\t\t\t\t\t\t\t<\/div>\n\t\t\t\t<\/div>\n\t\t\t\t\t<\/div>\n\t\t<\/div>\n\t\t\t\t\t<\/div>\n\t\t<\/section>\n\t\t\t\t<\/div>\n\t\t","protected":false},"excerpt":{"rendered":"<p>Aviso legal De acuerdo con el art\u00edculo 10 de la Ley 34\/2002, de 11 de julio, de Servicios de la Sociedad de la Informaci\u00f3n y de Comercio Electr\u00f3nico ponemos a su disposici\u00f3n los siguientes datos generales del&nbsp;aviso legal: JOJO Mi Distribuciones S.L.&nbsp;es una empresa espa\u00f1ola, y est\u00e1 domiciliada en la calle San Ferran 231, C\u00f3digo [&hellip;]<\/p>\n","protected":false},"author":1,"featured_media":0,"parent":0,"menu_order":0,"comment_status":"closed","ping_status":"closed","template":"elementor_header_footer","meta":{"site-sidebar-layout":"default","site-content-layout":"","ast-site-content-layout":"default","site-content-style":"default","site-sidebar-style":"default","ast-global-header-display":"","ast-banner-title-visibility":"","ast-main-header-display":"","ast-hfb-above-header-display":"","ast-hfb-below-header-display":"","ast-hfb-mobile-header-display":"","site-post-title":"","ast-breadcrumbs-content":"","ast-featured-img":"","footer-sml-layout":"","ast-disable-related-posts":"","theme-transparent-header-meta":"","adv-header-id-meta":"","stick-header-meta":"","header-above-stick-meta":"","header-main-stick-meta":"","header-below-stick-meta":"","astra-migrate-meta-layouts":"set","ast-page-background-enabled":"default","ast-page-background-meta":{"desktop":{"background-color":"var(--ast-global-color-4)","background-image":"","background-repeat":"repeat","background-position":"center center","background-size":"auto","background-attachment":"scroll","background-type":"","background-media":"","overlay-type":"","overlay-color":"","overlay-opacity":"","overlay-gradient":""},"tablet":{"background-color":"","background-image":"","background-repeat":"repeat","background-position":"center center","background-size":"auto","background-attachment":"scroll","background-type":"","background-media":"","overlay-type":"","overlay-color":"","overlay-opacity":"","overlay-gradient":""},"mobile":{"background-color":"","background-image":"","background-repeat":"repeat","background-position":"center center","background-size":"auto","background-attachment":"scroll","background-type":"","background-media":"","overlay-type":"","overlay-color":"","overlay-opacity":"","overlay-gradient":""}},"ast-content-background-meta":{"desktop":{"background-color":"var(--ast-global-color-5)","background-image":"","background-repeat":"repeat","background-position":"center center","background-size":"auto","background-attachment":"scroll","background-type":"","background-media":"","overlay-type":"","overlay-color":"","overlay-opacity":"","overlay-gradient":""},"tablet":{"background-color":"var(--ast-global-color-5)","background-image":"","background-repeat":"repeat","background-position":"center center","background-size":"auto","background-attachment":"scroll","background-type":"","background-media":"","overlay-type":"","overlay-color":"","overlay-opacity":"","overlay-gradient":""},"mobile":{"background-color":"var(--ast-global-color-5)","background-image":"","background-repeat":"repeat","background-position":"center center","background-size":"auto","background-attachment":"scroll","background-type":"","background-media":"","overlay-type":"","overlay-color":"","overlay-opacity":"","overlay-gradient":""}},"footnotes":""},"class_list":["post-18","page","type-page","status-publish","hentry"],"yoast_head":"<!-- This site is optimized with the Yoast SEO plugin v27.4 - https:\/\/yoast.com\/product\/yoast-seo-wordpress\/ -->\n<title>Aviso legal -<\/title>\n<meta name=\"robots\" content=\"index, follow, max-snippet:-1, max-image-preview:large, max-video-preview:-1\" \/>\n<link rel=\"canonical\" href=\"https:\/\/jojomi.es\/index.php\/about\/\" \/>\n<meta property=\"og:locale\" content=\"es_ES\" \/>\n<meta property=\"og:type\" content=\"article\" \/>\n<meta property=\"og:title\" content=\"Aviso legal -\" \/>\n<meta property=\"og:description\" content=\"Aviso legal De acuerdo con el art\u00edculo 10 de la Ley 34\/2002, de 11 de julio, de Servicios de la Sociedad de la Informaci\u00f3n y de Comercio Electr\u00f3nico ponemos a su disposici\u00f3n los siguientes datos generales del&nbsp;aviso legal: JOJO Mi Distribuciones S.L.&nbsp;es una empresa espa\u00f1ola, y est\u00e1 domiciliada en la calle San Ferran 231, C\u00f3digo [&hellip;]\" \/>\n<meta property=\"og:url\" content=\"https:\/\/jojomi.es\/index.php\/about\/\" \/>\n<meta property=\"article:modified_time\" content=\"2024-09-23T17:47:57+00:00\" \/>\n<meta name=\"twitter:card\" content=\"summary_large_image\" \/>\n<meta name=\"twitter:label1\" content=\"Tiempo de lectura\" \/>\n\t<meta name=\"twitter:data1\" content=\"1 minuto\" \/>\n<script type=\"application\/ld+json\" class=\"yoast-schema-graph\">{\"@context\":\"https:\\\/\\\/schema.org\",\"@graph\":[{\"@type\":\"WebPage\",\"@id\":\"https:\\\/\\\/jojomi.es\\\/index.php\\\/about\\\/\",\"url\":\"https:\\\/\\\/jojomi.es\\\/index.php\\\/about\\\/\",\"name\":\"Aviso legal -\",\"isPartOf\":{\"@id\":\"https:\\\/\\\/jojomi.es\\\/#website\"},\"datePublished\":\"2023-03-28T15:14:10+00:00\",\"dateModified\":\"2024-09-23T17:47:57+00:00\",\"breadcrumb\":{\"@id\":\"https:\\\/\\\/jojomi.es\\\/index.php\\\/about\\\/#breadcrumb\"},\"inLanguage\":\"es\",\"potentialAction\":[{\"@type\":\"ReadAction\",\"target\":[\"https:\\\/\\\/jojomi.es\\\/index.php\\\/about\\\/\"]}]},{\"@type\":\"BreadcrumbList\",\"@id\":\"https:\\\/\\\/jojomi.es\\\/index.php\\\/about\\\/#breadcrumb\",\"itemListElement\":[{\"@type\":\"ListItem\",\"position\":1,\"name\":\"Portada\",\"item\":\"https:\\\/\\\/jojomi.es\\\/\"},{\"@type\":\"ListItem\",\"position\":2,\"name\":\"Aviso legal\"}]},{\"@type\":\"WebSite\",\"@id\":\"https:\\\/\\\/jojomi.es\\\/#website\",\"url\":\"https:\\\/\\\/jojomi.es\\\/\",\"name\":\"Jojomi\",\"description\":\"Xiaomi Store Authorized Reseller. Distribuidores de producto oficial Xiaomi en Espa\u00f1a\",\"publisher\":{\"@id\":\"https:\\\/\\\/jojomi.es\\\/#organization\"},\"potentialAction\":[{\"@type\":\"SearchAction\",\"target\":{\"@type\":\"EntryPoint\",\"urlTemplate\":\"https:\\\/\\\/jojomi.es\\\/?s={search_term_string}\"},\"query-input\":{\"@type\":\"PropertyValueSpecification\",\"valueRequired\":true,\"valueName\":\"search_term_string\"}}],\"inLanguage\":\"es\"},{\"@type\":\"Organization\",\"@id\":\"https:\\\/\\\/jojomi.es\\\/#organization\",\"name\":\"Jojomi\",\"url\":\"https:\\\/\\\/jojomi.es\\\/\",\"logo\":{\"@type\":\"ImageObject\",\"inLanguage\":\"es\",\"@id\":\"https:\\\/\\\/jojomi.es\\\/#\\\/schema\\\/logo\\\/image\\\/\",\"url\":\"https:\\\/\\\/jojomi.es\\\/wp-content\\\/uploads\\\/2024\\\/09\\\/Diseno-sin-titulo-11.png\",\"contentUrl\":\"https:\\\/\\\/jojomi.es\\\/wp-content\\\/uploads\\\/2024\\\/09\\\/Diseno-sin-titulo-11.png\",\"width\":500,\"height\":300,\"caption\":\"Jojomi\"},\"image\":{\"@id\":\"https:\\\/\\\/jojomi.es\\\/#\\\/schema\\\/logo\\\/image\\\/\"}}]}<\/script>\n<!-- \/ Yoast SEO plugin. -->","yoast_head_json":{"title":"Aviso legal -","robots":{"index":"index","follow":"follow","max-snippet":"max-snippet:-1","max-image-preview":"max-image-preview:large","max-video-preview":"max-video-preview:-1"},"canonical":"https:\/\/jojomi.es\/index.php\/about\/","og_locale":"es_ES","og_type":"article","og_title":"Aviso legal -","og_description":"Aviso legal De acuerdo con el art\u00edculo 10 de la Ley 34\/2002, de 11 de julio, de Servicios de la Sociedad de la Informaci\u00f3n y de Comercio Electr\u00f3nico ponemos a su disposici\u00f3n los siguientes datos generales del&nbsp;aviso legal: JOJO Mi Distribuciones S.L.&nbsp;es una empresa espa\u00f1ola, y est\u00e1 domiciliada en la calle San Ferran 231, C\u00f3digo [&hellip;]","og_url":"https:\/\/jojomi.es\/index.php\/about\/","article_modified_time":"2024-09-23T17:47:57+00:00","twitter_card":"summary_large_image","twitter_misc":{"Tiempo de lectura":"1 minuto"},"schema":{"@context":"https:\/\/schema.org","@graph":[{"@type":"WebPage","@id":"https:\/\/jojomi.es\/index.php\/about\/","url":"https:\/\/jojomi.es\/index.php\/about\/","name":"Aviso legal -","isPartOf":{"@id":"https:\/\/jojomi.es\/#website"},"datePublished":"2023-03-28T15:14:10+00:00","dateModified":"2024-09-23T17:47:57+00:00","breadcrumb":{"@id":"https:\/\/jojomi.es\/index.php\/about\/#breadcrumb"},"inLanguage":"es","potentialAction":[{"@type":"ReadAction","target":["https:\/\/jojomi.es\/index.php\/about\/"]}]},{"@type":"BreadcrumbList","@id":"https:\/\/jojomi.es\/index.php\/about\/#breadcrumb","itemListElement":[{"@type":"ListItem","position":1,"name":"Portada","item":"https:\/\/jojomi.es\/"},{"@type":"ListItem","position":2,"name":"Aviso legal"}]},{"@type":"WebSite","@id":"https:\/\/jojomi.es\/#website","url":"https:\/\/jojomi.es\/","name":"Jojomi","description":"Xiaomi Store Authorized Reseller. Distribuidores de producto oficial Xiaomi en Espa\u00f1a","publisher":{"@id":"https:\/\/jojomi.es\/#organization"},"potentialAction":[{"@type":"SearchAction","target":{"@type":"EntryPoint","urlTemplate":"https:\/\/jojomi.es\/?s={search_term_string}"},"query-input":{"@type":"PropertyValueSpecification","valueRequired":true,"valueName":"search_term_string"}}],"inLanguage":"es"},{"@type":"Organization","@id":"https:\/\/jojomi.es\/#organization","name":"Jojomi","url":"https:\/\/jojomi.es\/","logo":{"@type":"ImageObject","inLanguage":"es","@id":"https:\/\/jojomi.es\/#\/schema\/logo\/image\/","url":"https:\/\/jojomi.es\/wp-content\/uploads\/2024\/09\/Diseno-sin-titulo-11.png","contentUrl":"https:\/\/jojomi.es\/wp-content\/uploads\/2024\/09\/Diseno-sin-titulo-11.png","width":500,"height":300,"caption":"Jojomi"},"image":{"@id":"https:\/\/jojomi.es\/#\/schema\/logo\/image\/"}}]}},"_links":{"self":[{"href":"https:\/\/jojomi.es\/index.php\/wp-json\/wp\/v2\/pages\/18","targetHints":{"allow":["GET"]}}],"collection":[{"href":"https:\/\/jojomi.es\/index.php\/wp-json\/wp\/v2\/pages"}],"about":[{"href":"https:\/\/jojomi.es\/index.php\/wp-json\/wp\/v2\/types\/page"}],"author":[{"embeddable":true,"href":"https:\/\/jojomi.es\/index.php\/wp-json\/wp\/v2\/users\/1"}],"replies":[{"embeddable":true,"href":"https:\/\/jojomi.es\/index.php\/wp-json\/wp\/v2\/comments?post=18"}],"version-history":[{"count":28,"href":"https:\/\/jojomi.es\/index.php\/wp-json\/wp\/v2\/pages\/18\/revisions"}],"predecessor-version":[{"id":916,"href":"https:\/\/jojomi.es\/index.php\/wp-json\/wp\/v2\/pages\/18\/revisions\/916"}],"wp:attachment":[{"href":"https:\/\/jojomi.es\/index.php\/wp-json\/wp\/v2\/media?parent=18"}],"curies":[{"name":"wp","href":"https:\/\/api.w.org\/{rel}","templated":true}]}}