{"id":287,"date":"2024-09-19T17:26:03","date_gmt":"2024-09-19T15:26:03","guid":{"rendered":"https:\/\/jojomi.es\/?page_id=287"},"modified":"2024-09-23T19:49:00","modified_gmt":"2024-09-23T17:49:00","slug":"condiciones-generales","status":"publish","type":"page","link":"https:\/\/jojomi.es\/index.php\/condiciones-generales\/","title":{"rendered":"Condiciones generales"},"content":{"rendered":"\t\t<div data-elementor-type=\"wp-page\" data-elementor-id=\"287\" class=\"elementor elementor-287\">\n\t\t\t\t\t\t<section class=\"elementor-section elementor-top-section elementor-element elementor-element-d5de365 elementor-section-boxed elementor-section-height-default elementor-section-height-default\" data-id=\"d5de365\" data-element_type=\"section\" data-e-type=\"section\">\n\t\t\t\t\t\t<div class=\"elementor-container elementor-column-gap-default\">\n\t\t\t\t\t<div class=\"elementor-column elementor-col-100 elementor-top-column elementor-element elementor-element-74f8a63\" data-id=\"74f8a63\" data-element_type=\"column\" data-e-type=\"column\">\n\t\t\t<div class=\"elementor-widget-wrap elementor-element-populated\">\n\t\t\t\t\t\t<div class=\"elementor-element elementor-element-ec966a6 elementor-widget elementor-widget-heading\" data-id=\"ec966a6\" data-element_type=\"widget\" data-e-type=\"widget\" data-widget_type=\"heading.default\">\n\t\t\t\t<div class=\"elementor-widget-container\">\n\t\t\t\t\t<h2 class=\"elementor-heading-title elementor-size-default\">Condiciones generales<\/h2>\t\t\t\t<\/div>\n\t\t\t\t<\/div>\n\t\t\t\t\t<\/div>\n\t\t<\/div>\n\t\t\t\t\t<\/div>\n\t\t<\/section>\n\t\t\t\t<section class=\"elementor-section elementor-top-section elementor-element elementor-element-1640cfc elementor-section-boxed elementor-section-height-default elementor-section-height-default\" data-id=\"1640cfc\" data-element_type=\"section\" data-e-type=\"section\">\n\t\t\t\t\t\t<div class=\"elementor-container elementor-column-gap-default\">\n\t\t\t\t\t<div class=\"elementor-column elementor-col-100 elementor-top-column elementor-element elementor-element-99a87bb\" data-id=\"99a87bb\" data-element_type=\"column\" data-e-type=\"column\">\n\t\t\t<div class=\"elementor-widget-wrap elementor-element-populated\">\n\t\t\t\t\t\t<div class=\"elementor-element elementor-element-65029ee elementor-widget elementor-widget-text-editor\" data-id=\"65029ee\" data-element_type=\"widget\" data-e-type=\"widget\" data-widget_type=\"text-editor.default\">\n\t\t\t\t<div class=\"elementor-widget-container\">\n\t\t\t\t\t\t\t\t\t<div>\n<p><strong>Condiciones de uso<\/strong><\/p>\n<p>Las condiciones de acceso y uso del presente&nbsp;sitio web&nbsp;se rigen por la legalidad vigente y por el principio de buena fe&nbsp;comprometi\u00e9ndose el usuario a realizar un buen uso de la web. No se permiten conductas que vayan contra la ley, los derechos o intereses de terceros.&nbsp;<\/p>\n<p><span style=\"font-style: inherit; font-weight: inherit; color: var( --e-global-color-text ); font-family: var( --e-global-typography-text-font-family ), Sans-serif; background-color: var(--ast-global-color-5);\">Ser usuario de la web&nbsp;implica que reconoce haber le\u00eddo y aceptado las presentes condiciones y lo que las extienda la normativa legal aplicable en esta materia. Si por el motivo que fuere no est\u00e1 de acuerdo con estas condiciones no contin\u00fae usando esta web.&nbsp;<\/span><span style=\"font-style: inherit; font-weight: inherit; color: var( --e-global-color-text ); font-family: var( --e-global-typography-text-font-family ), Sans-serif; background-color: var(--ast-global-color-5);\">Cualquier tipo de notificaci\u00f3n y\/o reclamaci\u00f3n solamente ser\u00e1 v\u00e1lida por notificaci\u00f3n escrita y\/o correo certificado.&nbsp; Puede ponerse en contacto con nosotros envi\u00e1ndonos un correo electr\u00f3nico administraci\u00f3n@jojomi.es, a trav\u00e9s de correo postal certificado.<\/span><\/p>\n<p><\/p>\n<p><strong>Responsabilidades<\/strong><\/p>\n<p>JOJO Mi Distribuciones S.L.&nbsp;no se hace responsable de la informaci\u00f3n y contenidos almacenados en foros, redes sociales o cualesquier otro medio&nbsp;que permita a terceros publicar contenidos de forma independiente en la p\u00e1gina web del prestador.<\/p>\n<p><\/p>\n<p>Sin embargo, teniendo en cuenta los art. 11 y 16 de la LSSI-CE, JOJO Mi Distribuciones&nbsp;S.L se compromete a la retirada o en su caso bloqueo de aquellos contenidos que pudieran afectar o contravenir la legislaci\u00f3n nacional o internacional, derechos de terceros o la moral y el orden p\u00fablico.&nbsp;<span style=\"font-style: inherit; font-weight: inherit; color: var( --e-global-color-text ); font-family: var( --e-global-typography-text-font-family ), Sans-serif; background-color: var(--ast-global-color-5);\">Tampoco la empresa se responsabilizar\u00e1 de los da\u00f1os y perjuicios que se produzcan por fallos o malas configuraciones del software instalado en el ordenador del internauta.&nbsp;Se excluye toda responsabilidad por alguna incidencia t\u00e9cnica o fallo que se produzca cuando el usuario se conecte a internet. Igualmente no se garantiza la inexistencia de interrupciones o errores en el acceso al sitio web.<\/span><\/p><\/div><div>\n<p><\/p>\n<p>As\u00ed mismo, JOJO Mi Distribuciones&nbsp;S.L se reserva el derecho a actualizar, modificar o eliminar la informaci\u00f3n contenida en su p\u00e1gina web, as\u00ed como la configuraci\u00f3n o presentaci\u00f3n del mismo, en cualquier momento sin asumir alguna responsabilidad por ello.<\/p>\n<p><\/p>\n<p>Le comunicamos que cualquier precio que pueda ver en nuestra web ser\u00e1 solamente orientativo. Si el usuario desea saber con exactitud el precio o si el producto en el momento actual cuenta con alguna oferta de la cual se puede beneficiar, ha de pedir presupuesto o comunicarse directamente con nuestro personal de atenci\u00f3n al cliente.<\/p>\n<p><\/p>\n<p><strong>Propiedad intelectual e industrial<\/strong><\/p>\n<p><span style=\"color: var( --e-global-color-text ); font-family: var( --e-global-typography-text-font-family ), Sans-serif; font-weight: var( --e-global-typography-text-font-weight ); background-color: var(--ast-global-color-5); font-size: 1rem;\">JOJO Mi Distribuciones<\/span>&nbsp;S.L&nbsp;es titular de todos los derechos sobre el software de la publicaci\u00f3n digital as\u00ed como de los derechos de propiedad industrial e intelectual referidos a los contenidos que se incluyan, a excepci\u00f3n de los derechos sobre productos y servicios de car\u00e1cter p\u00fablico que no son propiedad de esta empresa.<\/p>\n<p><\/p>\n<p>Ning\u00fan material publicado en esta web podr\u00e1 ser reproducido, copiado o publicado&nbsp;sin el consentimiento por escrito de JOJO Mi Distribuciones&nbsp;S.L<br>Toda la informaci\u00f3n que se reciba en la web, como comentarios, sugerencias o ideas, se considerar\u00e1 cedida&nbsp;a JOJO Mi Distribuciones&nbsp;S.L de manera gratuita. No debe enviarse informaci\u00f3n que NO pueda ser tratada de este modo.<\/p>\n<p><\/p>\n<p>Todos los productos y servicios de estas p\u00e1ginas que NO son propiedad de JOJO Mi Distribuciones&nbsp;S.L son marcas registradas de sus respectivos propietarios y son reconocidas como tales por nuestra empresa. Solamente aparecen en la web de JOJO Mi Distribuciones&nbsp;S.L a efectos de promoci\u00f3n y de recopilaci\u00f3n de informaci\u00f3n. Estos propietarios pueden solicitar la modificaci\u00f3n o eliminaci\u00f3n de la informaci\u00f3n que les pertenece.<\/p>\n<p><\/p>\n<p><strong>Ley aplicable y jurisdicci\u00f3n<\/strong><\/p>\n<p>Las presentes condiciones generales se rigen por la legislaci\u00f3n espa\u00f1ola.&nbsp;Para cualquier litigio que pudiera surgir relacionado con el sitio web o la actividad que en \u00e9l se desarrolla ser\u00e1n competentes Juzgados de&nbsp;Sabadell, renunciando expresamente el usuario a cualquier otro fuero que pudiera corresponderle.<\/p>\n<\/div>\t\t\t\t\t\t\t\t<\/div>\n\t\t\t\t<\/div>\n\t\t\t\t\t<\/div>\n\t\t<\/div>\n\t\t\t\t\t<\/div>\n\t\t<\/section>\n\t\t\t\t<\/div>\n\t\t","protected":false},"excerpt":{"rendered":"<p>Condiciones generales Condiciones de uso Las condiciones de acceso y uso del presente&nbsp;sitio web&nbsp;se rigen por la legalidad vigente y por el principio de buena fe&nbsp;comprometi\u00e9ndose el usuario a realizar un buen uso de la web. No se permiten conductas que vayan contra la ley, los derechos o intereses de terceros.&nbsp; Ser usuario de la [&hellip;]<\/p>\n","protected":false},"author":3,"featured_media":0,"parent":0,"menu_order":0,"comment_status":"closed","ping_status":"closed","template":"","meta":{"site-sidebar-layout":"no-sidebar","site-content-layout":"page-builder","ast-site-content-layout":"full-width-container","site-content-style":"default","site-sidebar-style":"default","ast-global-header-display":"","ast-banner-title-visibility":"","ast-main-header-display":"","ast-hfb-above-header-display":"","ast-hfb-below-header-display":"","ast-hfb-mobile-header-display":"","site-post-title":"disabled","ast-breadcrumbs-content":"","ast-featured-img":"disabled","footer-sml-layout":"","ast-disable-related-posts":"","theme-transparent-header-meta":"","adv-header-id-meta":"","stick-header-meta":"","header-above-stick-meta":"","header-main-stick-meta":"","header-below-stick-meta":"","astra-migrate-meta-layouts":"set","ast-page-background-enabled":"default","ast-page-background-meta":{"desktop":{"background-color":"var(--ast-global-color-4)","background-image":"","background-repeat":"repeat","background-position":"center center","background-size":"auto","background-attachment":"scroll","background-type":"","background-media":"","overlay-type":"","overlay-color":"","overlay-opacity":"","overlay-gradient":""},"tablet":{"background-color":"","background-image":"","background-repeat":"repeat","background-position":"center center","background-size":"auto","background-attachment":"scroll","background-type":"","background-media":"","overlay-type":"","overlay-color":"","overlay-opacity":"","overlay-gradient":""},"mobile":{"background-color":"","background-image":"","background-repeat":"repeat","background-position":"center center","background-size":"auto","background-attachment":"scroll","background-type":"","background-media":"","overlay-type":"","overlay-color":"","overlay-opacity":"","overlay-gradient":""}},"ast-content-background-meta":{"desktop":{"background-color":"var(--ast-global-color-5)","background-image":"","background-repeat":"repeat","background-position":"center center","background-size":"auto","background-attachment":"scroll","background-type":"","background-media":"","overlay-type":"","overlay-color":"","overlay-opacity":"","overlay-gradient":""},"tablet":{"background-color":"var(--ast-global-color-5)","background-image":"","background-repeat":"repeat","background-position":"center center","background-size":"auto","background-attachment":"scroll","background-type":"","background-media":"","overlay-type":"","overlay-color":"","overlay-opacity":"","overlay-gradient":""},"mobile":{"background-color":"var(--ast-global-color-5)","background-image":"","background-repeat":"repeat","background-position":"center center","background-size":"auto","background-attachment":"scroll","background-type":"","background-media":"","overlay-type":"","overlay-color":"","overlay-opacity":"","overlay-gradient":""}},"footnotes":""},"class_list":["post-287","page","type-page","status-publish","hentry"],"yoast_head":"<!-- This site is optimized with the Yoast SEO plugin v27.4 - https:\/\/yoast.com\/product\/yoast-seo-wordpress\/ -->\n<title>Condiciones generales -<\/title>\n<meta name=\"robots\" content=\"index, follow, max-snippet:-1, max-image-preview:large, max-video-preview:-1\" \/>\n<link rel=\"canonical\" href=\"https:\/\/jojomi.es\/index.php\/condiciones-generales\/\" \/>\n<meta property=\"og:locale\" content=\"es_ES\" \/>\n<meta property=\"og:type\" content=\"article\" \/>\n<meta property=\"og:title\" content=\"Condiciones generales -\" \/>\n<meta property=\"og:description\" content=\"Condiciones generales Condiciones de uso Las condiciones de acceso y uso del presente&nbsp;sitio web&nbsp;se rigen por la legalidad vigente y por el principio de buena fe&nbsp;comprometi\u00e9ndose el usuario a realizar un buen uso de la web. No se permiten conductas que vayan contra la ley, los derechos o intereses de terceros.&nbsp; Ser usuario de la [&hellip;]\" \/>\n<meta property=\"og:url\" content=\"https:\/\/jojomi.es\/index.php\/condiciones-generales\/\" \/>\n<meta property=\"article:modified_time\" content=\"2024-09-23T17:49:00+00:00\" \/>\n<meta name=\"twitter:card\" content=\"summary_large_image\" \/>\n<meta name=\"twitter:label1\" content=\"Tiempo de lectura\" \/>\n\t<meta name=\"twitter:data1\" content=\"3 minutos\" \/>\n<script type=\"application\/ld+json\" class=\"yoast-schema-graph\">{\"@context\":\"https:\\\/\\\/schema.org\",\"@graph\":[{\"@type\":\"WebPage\",\"@id\":\"https:\\\/\\\/jojomi.es\\\/index.php\\\/condiciones-generales\\\/\",\"url\":\"https:\\\/\\\/jojomi.es\\\/index.php\\\/condiciones-generales\\\/\",\"name\":\"Condiciones generales -\",\"isPartOf\":{\"@id\":\"https:\\\/\\\/jojomi.es\\\/#website\"},\"datePublished\":\"2024-09-19T15:26:03+00:00\",\"dateModified\":\"2024-09-23T17:49:00+00:00\",\"breadcrumb\":{\"@id\":\"https:\\\/\\\/jojomi.es\\\/index.php\\\/condiciones-generales\\\/#breadcrumb\"},\"inLanguage\":\"es\",\"potentialAction\":[{\"@type\":\"ReadAction\",\"target\":[\"https:\\\/\\\/jojomi.es\\\/index.php\\\/condiciones-generales\\\/\"]}]},{\"@type\":\"BreadcrumbList\",\"@id\":\"https:\\\/\\\/jojomi.es\\\/index.php\\\/condiciones-generales\\\/#breadcrumb\",\"itemListElement\":[{\"@type\":\"ListItem\",\"position\":1,\"name\":\"Portada\",\"item\":\"https:\\\/\\\/jojomi.es\\\/\"},{\"@type\":\"ListItem\",\"position\":2,\"name\":\"Condiciones generales\"}]},{\"@type\":\"WebSite\",\"@id\":\"https:\\\/\\\/jojomi.es\\\/#website\",\"url\":\"https:\\\/\\\/jojomi.es\\\/\",\"name\":\"Jojomi\",\"description\":\"Xiaomi Store Authorized Reseller. Distribuidores de producto oficial Xiaomi en Espa\u00f1a\",\"publisher\":{\"@id\":\"https:\\\/\\\/jojomi.es\\\/#organization\"},\"potentialAction\":[{\"@type\":\"SearchAction\",\"target\":{\"@type\":\"EntryPoint\",\"urlTemplate\":\"https:\\\/\\\/jojomi.es\\\/?s={search_term_string}\"},\"query-input\":{\"@type\":\"PropertyValueSpecification\",\"valueRequired\":true,\"valueName\":\"search_term_string\"}}],\"inLanguage\":\"es\"},{\"@type\":\"Organization\",\"@id\":\"https:\\\/\\\/jojomi.es\\\/#organization\",\"name\":\"Jojomi\",\"url\":\"https:\\\/\\\/jojomi.es\\\/\",\"logo\":{\"@type\":\"ImageObject\",\"inLanguage\":\"es\",\"@id\":\"https:\\\/\\\/jojomi.es\\\/#\\\/schema\\\/logo\\\/image\\\/\",\"url\":\"https:\\\/\\\/jojomi.es\\\/wp-content\\\/uploads\\\/2024\\\/09\\\/Diseno-sin-titulo-11.png\",\"contentUrl\":\"https:\\\/\\\/jojomi.es\\\/wp-content\\\/uploads\\\/2024\\\/09\\\/Diseno-sin-titulo-11.png\",\"width\":500,\"height\":300,\"caption\":\"Jojomi\"},\"image\":{\"@id\":\"https:\\\/\\\/jojomi.es\\\/#\\\/schema\\\/logo\\\/image\\\/\"}}]}<\/script>\n<!-- \/ Yoast SEO plugin. -->","yoast_head_json":{"title":"Condiciones generales -","robots":{"index":"index","follow":"follow","max-snippet":"max-snippet:-1","max-image-preview":"max-image-preview:large","max-video-preview":"max-video-preview:-1"},"canonical":"https:\/\/jojomi.es\/index.php\/condiciones-generales\/","og_locale":"es_ES","og_type":"article","og_title":"Condiciones generales -","og_description":"Condiciones generales Condiciones de uso Las condiciones de acceso y uso del presente&nbsp;sitio web&nbsp;se rigen por la legalidad vigente y por el principio de buena fe&nbsp;comprometi\u00e9ndose el usuario a realizar un buen uso de la web. No se permiten conductas que vayan contra la ley, los derechos o intereses de terceros.&nbsp; Ser usuario de la [&hellip;]","og_url":"https:\/\/jojomi.es\/index.php\/condiciones-generales\/","article_modified_time":"2024-09-23T17:49:00+00:00","twitter_card":"summary_large_image","twitter_misc":{"Tiempo de lectura":"3 minutos"},"schema":{"@context":"https:\/\/schema.org","@graph":[{"@type":"WebPage","@id":"https:\/\/jojomi.es\/index.php\/condiciones-generales\/","url":"https:\/\/jojomi.es\/index.php\/condiciones-generales\/","name":"Condiciones generales -","isPartOf":{"@id":"https:\/\/jojomi.es\/#website"},"datePublished":"2024-09-19T15:26:03+00:00","dateModified":"2024-09-23T17:49:00+00:00","breadcrumb":{"@id":"https:\/\/jojomi.es\/index.php\/condiciones-generales\/#breadcrumb"},"inLanguage":"es","potentialAction":[{"@type":"ReadAction","target":["https:\/\/jojomi.es\/index.php\/condiciones-generales\/"]}]},{"@type":"BreadcrumbList","@id":"https:\/\/jojomi.es\/index.php\/condiciones-generales\/#breadcrumb","itemListElement":[{"@type":"ListItem","position":1,"name":"Portada","item":"https:\/\/jojomi.es\/"},{"@type":"ListItem","position":2,"name":"Condiciones generales"}]},{"@type":"WebSite","@id":"https:\/\/jojomi.es\/#website","url":"https:\/\/jojomi.es\/","name":"Jojomi","description":"Xiaomi Store Authorized Reseller. Distribuidores de producto oficial Xiaomi en Espa\u00f1a","publisher":{"@id":"https:\/\/jojomi.es\/#organization"},"potentialAction":[{"@type":"SearchAction","target":{"@type":"EntryPoint","urlTemplate":"https:\/\/jojomi.es\/?s={search_term_string}"},"query-input":{"@type":"PropertyValueSpecification","valueRequired":true,"valueName":"search_term_string"}}],"inLanguage":"es"},{"@type":"Organization","@id":"https:\/\/jojomi.es\/#organization","name":"Jojomi","url":"https:\/\/jojomi.es\/","logo":{"@type":"ImageObject","inLanguage":"es","@id":"https:\/\/jojomi.es\/#\/schema\/logo\/image\/","url":"https:\/\/jojomi.es\/wp-content\/uploads\/2024\/09\/Diseno-sin-titulo-11.png","contentUrl":"https:\/\/jojomi.es\/wp-content\/uploads\/2024\/09\/Diseno-sin-titulo-11.png","width":500,"height":300,"caption":"Jojomi"},"image":{"@id":"https:\/\/jojomi.es\/#\/schema\/logo\/image\/"}}]}},"_links":{"self":[{"href":"https:\/\/jojomi.es\/index.php\/wp-json\/wp\/v2\/pages\/287","targetHints":{"allow":["GET"]}}],"collection":[{"href":"https:\/\/jojomi.es\/index.php\/wp-json\/wp\/v2\/pages"}],"about":[{"href":"https:\/\/jojomi.es\/index.php\/wp-json\/wp\/v2\/types\/page"}],"author":[{"embeddable":true,"href":"https:\/\/jojomi.es\/index.php\/wp-json\/wp\/v2\/users\/3"}],"replies":[{"embeddable":true,"href":"https:\/\/jojomi.es\/index.php\/wp-json\/wp\/v2\/comments?post=287"}],"version-history":[{"count":25,"href":"https:\/\/jojomi.es\/index.php\/wp-json\/wp\/v2\/pages\/287\/revisions"}],"predecessor-version":[{"id":922,"href":"https:\/\/jojomi.es\/index.php\/wp-json\/wp\/v2\/pages\/287\/revisions\/922"}],"wp:attachment":[{"href":"https:\/\/jojomi.es\/index.php\/wp-json\/wp\/v2\/media?parent=287"}],"curies":[{"name":"wp","href":"https:\/\/api.w.org\/{rel}","templated":true}]}}