{"id":298,"date":"2024-09-20T16:12:51","date_gmt":"2024-09-20T14:12:51","guid":{"rendered":"https:\/\/jojomi.es\/?page_id=298"},"modified":"2024-09-23T19:53:48","modified_gmt":"2024-09-23T17:53:48","slug":"politica-de-cookies","status":"publish","type":"page","link":"https:\/\/jojomi.es\/index.php\/politica-de-cookies\/","title":{"rendered":"Pol\u00edtica de Cookies"},"content":{"rendered":"\t\t<div data-elementor-type=\"wp-page\" data-elementor-id=\"298\" class=\"elementor elementor-298\">\n\t\t\t\t\t\t<section class=\"elementor-section elementor-top-section elementor-element elementor-element-66aee10 elementor-section-boxed elementor-section-height-default elementor-section-height-default\" data-id=\"66aee10\" data-element_type=\"section\" data-e-type=\"section\">\n\t\t\t\t\t\t<div class=\"elementor-container elementor-column-gap-default\">\n\t\t\t\t\t<div class=\"elementor-column elementor-col-100 elementor-top-column elementor-element elementor-element-b2d7aa3\" data-id=\"b2d7aa3\" data-element_type=\"column\" data-e-type=\"column\">\n\t\t\t<div class=\"elementor-widget-wrap elementor-element-populated\">\n\t\t\t\t\t\t<div class=\"elementor-element elementor-element-90c1833 elementor-widget elementor-widget-heading\" data-id=\"90c1833\" data-element_type=\"widget\" data-e-type=\"widget\" data-widget_type=\"heading.default\">\n\t\t\t\t<div class=\"elementor-widget-container\">\n\t\t\t\t\t<h2 class=\"elementor-heading-title elementor-size-default\">Pol\u00edtica de cookies<\/h2>\t\t\t\t<\/div>\n\t\t\t\t<\/div>\n\t\t\t\t\t<\/div>\n\t\t<\/div>\n\t\t\t\t\t<\/div>\n\t\t<\/section>\n\t\t\t\t<section class=\"elementor-section elementor-top-section elementor-element elementor-element-e115ec7 elementor-section-boxed elementor-section-height-default elementor-section-height-default\" data-id=\"e115ec7\" data-element_type=\"section\" data-e-type=\"section\">\n\t\t\t\t\t\t<div class=\"elementor-container elementor-column-gap-default\">\n\t\t\t\t\t<div class=\"elementor-column elementor-col-100 elementor-top-column elementor-element elementor-element-65cc659\" data-id=\"65cc659\" data-element_type=\"column\" data-e-type=\"column\">\n\t\t\t<div class=\"elementor-widget-wrap elementor-element-populated\">\n\t\t\t\t\t\t<div class=\"elementor-element elementor-element-51eb60b elementor-widget__width-initial elementor-widget elementor-widget-text-editor\" data-id=\"51eb60b\" data-element_type=\"widget\" data-e-type=\"widget\" data-widget_type=\"text-editor.default\">\n\t\t\t\t<div class=\"elementor-widget-container\">\n\t\t\t\t\t\t\t\t\t<p><span style=\"font-size: 16px;\">JOJO Mi Distribuciones S.L por su propia cuenta o la de un tercero contratado para prestaci\u00f3n de servicios de medici\u00f3n, pueden utilizar cookies cuando el usuario navega por el sitio web. Las cookies son ficheros enviados al navegador por medio de un servicio web con la finalidad de registrar las actividades del usuario durante su tiempo de navegaci\u00f3n.<\/span><\/p>\n<p><span style=\"background-color: var(--ast-global-color-5); color: var( --e-global-color-text ); font-family: var( --e-global-typography-text-font-family ), Sans-serif; font-style: inherit; font-weight: inherit;\">Las cookies utilizadas se asocian \u00fanicamente con un usuario an\u00f3nimo y su ordenador, y no proporcionan por s\u00ed mismas los datos personales del usuario.&nbsp;<\/span><span style=\"font-style: inherit; font-weight: inherit; color: var( --e-global-color-text ); font-family: var( --e-global-typography-text-font-family ), Sans-serif; background-color: var(--ast-global-color-5);\">Mediante el uso de las cookies resulta posible que el servidor donde se encuentra la web reconozca el navegador web utilizado por el usuario con la finalidad de que la navegaci\u00f3n sea m\u00e1s sencilla.&nbsp;Se utilizan tambi\u00e9n para medir la audiencia y par\u00e1metros del tr\u00e1fico, controlar el proceso y n\u00famero de entradas.<\/span><\/p><div class=\"elementor-element elementor-element-13eabf90 elementor-widget elementor-widget-text-editor\" data-id=\"13eabf90\" data-element_type=\"widget\" data-widget_type=\"text-editor.default\"><div class=\"elementor-widget-container\"><div class=\"elementor-text-editor elementor-clearfix\">\n<p><span style=\"font-style: inherit; font-weight: inherit; color: var( --e-global-color-text ); font-family: var( --e-global-typography-text-font-family ), Sans-serif; background-color: var(--ast-global-color-5);\">El usuario tiene la posibilidad de configurar su navegador para ser avisado de la recepci\u00f3n de cookies y para impedir su instalaci\u00f3n en su equipo.&nbsp;Por favor consulte las instrucciones y manuales de su navegador para ampliar esta informaci\u00f3n.<\/span><span style=\"font-style: inherit; font-weight: inherit; color: var( --e-global-color-text ); font-family: var( --e-global-typography-text-font-family ), Sans-serif; background-color: var(--ast-global-color-5);\">Para utilizar el sitio web no es necesario que el usuario permita la instalaci\u00f3n de las cookies enviadas al sitio web, o el tercero que act\u00fae en su nombre, sin perjuicio de que sea necesario que el usuario inicie una sesi\u00f3n tal en cada uno de los servicios cuya prestaci\u00f3n requiera el previo registro.<\/span><\/p>\n<p><\/p>\n<p>En todo caso&nbsp;las cookies tienen un car\u00e1cter temporal&nbsp;con la \u00fanica finalidad de hacer m\u00e1s eficaz su transmisi\u00f3n ulterior. En ning\u00fan caso se utilizar\u00e1 cookies para recoger informaci\u00f3n de car\u00e1cter personal.<\/p>\n<\/div>\n<\/div>\n<\/div>\t\t\t\t\t\t\t\t<\/div>\n\t\t\t\t<\/div>\n\t\t\t\t\t<\/div>\n\t\t<\/div>\n\t\t\t\t\t<\/div>\n\t\t<\/section>\n\t\t\t\t<\/div>\n\t\t","protected":false},"excerpt":{"rendered":"<p>Pol\u00edtica de cookies JOJO Mi Distribuciones S.L por su propia cuenta o la de un tercero contratado para prestaci\u00f3n de servicios de medici\u00f3n, pueden utilizar cookies cuando el usuario navega por el sitio web. Las cookies son ficheros enviados al navegador por medio de un servicio web con la finalidad de registrar las actividades del [&hellip;]<\/p>\n","protected":false},"author":3,"featured_media":0,"parent":0,"menu_order":0,"comment_status":"closed","ping_status":"closed","template":"","meta":{"site-sidebar-layout":"no-sidebar","site-content-layout":"page-builder","ast-site-content-layout":"full-width-container","site-content-style":"default","site-sidebar-style":"default","ast-global-header-display":"","ast-banner-title-visibility":"","ast-main-header-display":"","ast-hfb-above-header-display":"","ast-hfb-below-header-display":"","ast-hfb-mobile-header-display":"","site-post-title":"disabled","ast-breadcrumbs-content":"","ast-featured-img":"disabled","footer-sml-layout":"","ast-disable-related-posts":"","theme-transparent-header-meta":"","adv-header-id-meta":"","stick-header-meta":"","header-above-stick-meta":"","header-main-stick-meta":"","header-below-stick-meta":"","astra-migrate-meta-layouts":"set","ast-page-background-enabled":"default","ast-page-background-meta":{"desktop":{"background-color":"var(--ast-global-color-4)","background-image":"","background-repeat":"repeat","background-position":"center center","background-size":"auto","background-attachment":"scroll","background-type":"","background-media":"","overlay-type":"","overlay-color":"","overlay-opacity":"","overlay-gradient":""},"tablet":{"background-color":"","background-image":"","background-repeat":"repeat","background-position":"center center","background-size":"auto","background-attachment":"scroll","background-type":"","background-media":"","overlay-type":"","overlay-color":"","overlay-opacity":"","overlay-gradient":""},"mobile":{"background-color":"","background-image":"","background-repeat":"repeat","background-position":"center center","background-size":"auto","background-attachment":"scroll","background-type":"","background-media":"","overlay-type":"","overlay-color":"","overlay-opacity":"","overlay-gradient":""}},"ast-content-background-meta":{"desktop":{"background-color":"var(--ast-global-color-5)","background-image":"","background-repeat":"repeat","background-position":"center center","background-size":"auto","background-attachment":"scroll","background-type":"","background-media":"","overlay-type":"","overlay-color":"","overlay-opacity":"","overlay-gradient":""},"tablet":{"background-color":"var(--ast-global-color-5)","background-image":"","background-repeat":"repeat","background-position":"center center","background-size":"auto","background-attachment":"scroll","background-type":"","background-media":"","overlay-type":"","overlay-color":"","overlay-opacity":"","overlay-gradient":""},"mobile":{"background-color":"var(--ast-global-color-5)","background-image":"","background-repeat":"repeat","background-position":"center center","background-size":"auto","background-attachment":"scroll","background-type":"","background-media":"","overlay-type":"","overlay-color":"","overlay-opacity":"","overlay-gradient":""}},"footnotes":""},"class_list":["post-298","page","type-page","status-publish","hentry"],"yoast_head":"<!-- This site is optimized with the Yoast SEO plugin v27.4 - https:\/\/yoast.com\/product\/yoast-seo-wordpress\/ -->\n<title>Pol\u00edtica de Cookies -<\/title>\n<meta name=\"robots\" content=\"index, follow, max-snippet:-1, max-image-preview:large, max-video-preview:-1\" \/>\n<link rel=\"canonical\" href=\"https:\/\/jojomi.es\/index.php\/politica-de-cookies\/\" \/>\n<meta property=\"og:locale\" content=\"es_ES\" \/>\n<meta property=\"og:type\" content=\"article\" \/>\n<meta property=\"og:title\" content=\"Pol\u00edtica de Cookies -\" \/>\n<meta property=\"og:description\" content=\"Pol\u00edtica de cookies JOJO Mi Distribuciones S.L por su propia cuenta o la de un tercero contratado para prestaci\u00f3n de servicios de medici\u00f3n, pueden utilizar cookies cuando el usuario navega por el sitio web. Las cookies son ficheros enviados al navegador por medio de un servicio web con la finalidad de registrar las actividades del [&hellip;]\" \/>\n<meta property=\"og:url\" content=\"https:\/\/jojomi.es\/index.php\/politica-de-cookies\/\" \/>\n<meta property=\"article:modified_time\" content=\"2024-09-23T17:53:48+00:00\" \/>\n<meta name=\"twitter:card\" content=\"summary_large_image\" \/>\n<meta name=\"twitter:label1\" content=\"Tiempo de lectura\" \/>\n\t<meta name=\"twitter:data1\" content=\"1 minuto\" \/>\n<script type=\"application\/ld+json\" class=\"yoast-schema-graph\">{\"@context\":\"https:\\\/\\\/schema.org\",\"@graph\":[{\"@type\":\"WebPage\",\"@id\":\"https:\\\/\\\/jojomi.es\\\/index.php\\\/politica-de-cookies\\\/\",\"url\":\"https:\\\/\\\/jojomi.es\\\/index.php\\\/politica-de-cookies\\\/\",\"name\":\"Pol\u00edtica de Cookies -\",\"isPartOf\":{\"@id\":\"https:\\\/\\\/jojomi.es\\\/#website\"},\"datePublished\":\"2024-09-20T14:12:51+00:00\",\"dateModified\":\"2024-09-23T17:53:48+00:00\",\"breadcrumb\":{\"@id\":\"https:\\\/\\\/jojomi.es\\\/index.php\\\/politica-de-cookies\\\/#breadcrumb\"},\"inLanguage\":\"es\",\"potentialAction\":[{\"@type\":\"ReadAction\",\"target\":[\"https:\\\/\\\/jojomi.es\\\/index.php\\\/politica-de-cookies\\\/\"]}]},{\"@type\":\"BreadcrumbList\",\"@id\":\"https:\\\/\\\/jojomi.es\\\/index.php\\\/politica-de-cookies\\\/#breadcrumb\",\"itemListElement\":[{\"@type\":\"ListItem\",\"position\":1,\"name\":\"Portada\",\"item\":\"https:\\\/\\\/jojomi.es\\\/\"},{\"@type\":\"ListItem\",\"position\":2,\"name\":\"Pol\u00edtica de Cookies\"}]},{\"@type\":\"WebSite\",\"@id\":\"https:\\\/\\\/jojomi.es\\\/#website\",\"url\":\"https:\\\/\\\/jojomi.es\\\/\",\"name\":\"Jojomi\",\"description\":\"Xiaomi Store Authorized Reseller. Distribuidores de producto oficial Xiaomi en Espa\u00f1a\",\"publisher\":{\"@id\":\"https:\\\/\\\/jojomi.es\\\/#organization\"},\"potentialAction\":[{\"@type\":\"SearchAction\",\"target\":{\"@type\":\"EntryPoint\",\"urlTemplate\":\"https:\\\/\\\/jojomi.es\\\/?s={search_term_string}\"},\"query-input\":{\"@type\":\"PropertyValueSpecification\",\"valueRequired\":true,\"valueName\":\"search_term_string\"}}],\"inLanguage\":\"es\"},{\"@type\":\"Organization\",\"@id\":\"https:\\\/\\\/jojomi.es\\\/#organization\",\"name\":\"Jojomi\",\"url\":\"https:\\\/\\\/jojomi.es\\\/\",\"logo\":{\"@type\":\"ImageObject\",\"inLanguage\":\"es\",\"@id\":\"https:\\\/\\\/jojomi.es\\\/#\\\/schema\\\/logo\\\/image\\\/\",\"url\":\"https:\\\/\\\/jojomi.es\\\/wp-content\\\/uploads\\\/2024\\\/09\\\/Diseno-sin-titulo-11.png\",\"contentUrl\":\"https:\\\/\\\/jojomi.es\\\/wp-content\\\/uploads\\\/2024\\\/09\\\/Diseno-sin-titulo-11.png\",\"width\":500,\"height\":300,\"caption\":\"Jojomi\"},\"image\":{\"@id\":\"https:\\\/\\\/jojomi.es\\\/#\\\/schema\\\/logo\\\/image\\\/\"}}]}<\/script>\n<!-- \/ Yoast SEO plugin. -->","yoast_head_json":{"title":"Pol\u00edtica de Cookies -","robots":{"index":"index","follow":"follow","max-snippet":"max-snippet:-1","max-image-preview":"max-image-preview:large","max-video-preview":"max-video-preview:-1"},"canonical":"https:\/\/jojomi.es\/index.php\/politica-de-cookies\/","og_locale":"es_ES","og_type":"article","og_title":"Pol\u00edtica de Cookies -","og_description":"Pol\u00edtica de cookies JOJO Mi Distribuciones S.L por su propia cuenta o la de un tercero contratado para prestaci\u00f3n de servicios de medici\u00f3n, pueden utilizar cookies cuando el usuario navega por el sitio web. Las cookies son ficheros enviados al navegador por medio de un servicio web con la finalidad de registrar las actividades del [&hellip;]","og_url":"https:\/\/jojomi.es\/index.php\/politica-de-cookies\/","article_modified_time":"2024-09-23T17:53:48+00:00","twitter_card":"summary_large_image","twitter_misc":{"Tiempo de lectura":"1 minuto"},"schema":{"@context":"https:\/\/schema.org","@graph":[{"@type":"WebPage","@id":"https:\/\/jojomi.es\/index.php\/politica-de-cookies\/","url":"https:\/\/jojomi.es\/index.php\/politica-de-cookies\/","name":"Pol\u00edtica de Cookies -","isPartOf":{"@id":"https:\/\/jojomi.es\/#website"},"datePublished":"2024-09-20T14:12:51+00:00","dateModified":"2024-09-23T17:53:48+00:00","breadcrumb":{"@id":"https:\/\/jojomi.es\/index.php\/politica-de-cookies\/#breadcrumb"},"inLanguage":"es","potentialAction":[{"@type":"ReadAction","target":["https:\/\/jojomi.es\/index.php\/politica-de-cookies\/"]}]},{"@type":"BreadcrumbList","@id":"https:\/\/jojomi.es\/index.php\/politica-de-cookies\/#breadcrumb","itemListElement":[{"@type":"ListItem","position":1,"name":"Portada","item":"https:\/\/jojomi.es\/"},{"@type":"ListItem","position":2,"name":"Pol\u00edtica de Cookies"}]},{"@type":"WebSite","@id":"https:\/\/jojomi.es\/#website","url":"https:\/\/jojomi.es\/","name":"Jojomi","description":"Xiaomi Store Authorized Reseller. Distribuidores de producto oficial Xiaomi en Espa\u00f1a","publisher":{"@id":"https:\/\/jojomi.es\/#organization"},"potentialAction":[{"@type":"SearchAction","target":{"@type":"EntryPoint","urlTemplate":"https:\/\/jojomi.es\/?s={search_term_string}"},"query-input":{"@type":"PropertyValueSpecification","valueRequired":true,"valueName":"search_term_string"}}],"inLanguage":"es"},{"@type":"Organization","@id":"https:\/\/jojomi.es\/#organization","name":"Jojomi","url":"https:\/\/jojomi.es\/","logo":{"@type":"ImageObject","inLanguage":"es","@id":"https:\/\/jojomi.es\/#\/schema\/logo\/image\/","url":"https:\/\/jojomi.es\/wp-content\/uploads\/2024\/09\/Diseno-sin-titulo-11.png","contentUrl":"https:\/\/jojomi.es\/wp-content\/uploads\/2024\/09\/Diseno-sin-titulo-11.png","width":500,"height":300,"caption":"Jojomi"},"image":{"@id":"https:\/\/jojomi.es\/#\/schema\/logo\/image\/"}}]}},"_links":{"self":[{"href":"https:\/\/jojomi.es\/index.php\/wp-json\/wp\/v2\/pages\/298","targetHints":{"allow":["GET"]}}],"collection":[{"href":"https:\/\/jojomi.es\/index.php\/wp-json\/wp\/v2\/pages"}],"about":[{"href":"https:\/\/jojomi.es\/index.php\/wp-json\/wp\/v2\/types\/page"}],"author":[{"embeddable":true,"href":"https:\/\/jojomi.es\/index.php\/wp-json\/wp\/v2\/users\/3"}],"replies":[{"embeddable":true,"href":"https:\/\/jojomi.es\/index.php\/wp-json\/wp\/v2\/comments?post=298"}],"version-history":[{"count":19,"href":"https:\/\/jojomi.es\/index.php\/wp-json\/wp\/v2\/pages\/298\/revisions"}],"predecessor-version":[{"id":929,"href":"https:\/\/jojomi.es\/index.php\/wp-json\/wp\/v2\/pages\/298\/revisions\/929"}],"wp:attachment":[{"href":"https:\/\/jojomi.es\/index.php\/wp-json\/wp\/v2\/media?parent=298"}],"curies":[{"name":"wp","href":"https:\/\/api.w.org\/{rel}","templated":true}]}}